{"id":607,"date":"2022-12-15T13:52:32","date_gmt":"2022-12-15T13:52:32","guid":{"rendered":"https:\/\/test.unicorn.fi\/music\/home-2\/"},"modified":"2023-09-22T07:17:10","modified_gmt":"2023-09-22T07:17:10","slug":"home-2","status":"publish","type":"page","link":"https:\/\/unicorn.fi\/music\/sv\/","title":{"rendered":"Hem"},"content":{"rendered":"<div class=\"wp-block-uagb-container uagb-block-7d4bada1 alignfull uagb-is-root-container\">\n<div class=\"wp-block-uagb-container uagb-block-0cc74282\">\n<div class=\"wp-block-uagb-image uagb-block-66a255bf wp-block-uagb-image--layout-default wp-block-uagb-image--effect-static wp-block-uagb-image--align-none\"><figure class=\"wp-block-uagb-image__figure\"><img decoding=\"async\" srcset=\"https:\/\/unicorn.fi\/music\/wp-content\/uploads\/2023\/09\/Framsida_musik_USE.png , https:\/\/unicorn.fi\/music\/wp-content\/uploads\/2023\/08\/Framsida_musik_n3.png 360w\" sizes=\"auto, (max-width: 480px) 150px\" src=\"https:\/\/unicorn.fi\/music\/wp-content\/uploads\/2023\/09\/Framsida_musik_USE.png\" alt=\"\" class=\"uag-image-1258\" width=\"984\" height=\"608\" title=\"\" loading=\"lazy\"\/><\/figure><\/div>\n<\/div>\n\n\n\n<div class=\"wp-block-uagb-container uagb-block-d73ff1ff\">\n<div class=\"wp-block-uagb-advanced-heading uagb-block-5c09b5d0\"><h1 class=\"uagb-heading-text\">Tine Sylvest                         <\/h1><\/div>\n\n\n\n<div class=\"wp-block-uagb-container uagb-block-72fd399d\">\n<div class=\"wp-block-uagb-info-box uagb-block-0e62d3d7 uagb-infobox__content-wrap  uagb-infobox-icon-above-title uagb-infobox-image-valign-top\"><div class=\"uagb-ifb-content\"><div class=\"uagb-ifb-title-wrap\"><h2 class=\"uagb-ifb-title\">Konst inspirerar mig...<\/h2><\/div><p class=\"uagb-ifb-desc\">Konst har alltid varit viktig f\u00f6r mig. Alla former av konst. Roligast \u00e4r det att sj\u00e4lv f\u00e5 vara med om att skapa den.<br><br>Redan innan jag kunde prata, b\u00f6rjade jag sjunga. Det har jag fortsatt med. Sedan ton\u00e5ren har jag arbetat som solist, ibland mera, ibland mindre. Det arbetet \u00e4lskar jag.<br><br>Det enda jag som s\u00e5ngare tycker \u00e4nnu b\u00e4ttre om \u00e4r att arbeta i studion. Att sjunga och banda in melodist\u00e4mmor till mina egna och andras kompositioner ger mig stor gl\u00e4dje. Allra st\u00f6rst \u00e4r \u00e4nd\u00e5 gl\u00e4djen att designa, arrangera och banda in kompletta harmoni- och bakgrundsst\u00e4mmor till en enskild l\u00e5t eller till en hel produktion.<\/p><\/div><\/div>\n<\/div>\n<\/div>\n<\/div>\n\n\n\n<div class=\"wp-block-uagb-container uagb-block-8d143fa6 alignfull uagb-is-root-container\"><div class=\"uagb-container-inner-blocks-wrap\">\n<div class=\"wp-block-uagb-container uagb-block-e29ce478\">\n<figure class=\"wp-block-image size-large\"><img loading=\"lazy\" decoding=\"async\" width=\"1024\" height=\"653\" src=\"https:\/\/unicorn.fi\/music\/wp-content\/uploads\/2023\/08\/sanger05_1080_ram-1024x653.jpg\" alt=\"\" class=\"wp-image-830\" srcset=\"https:\/\/unicorn.fi\/music\/wp-content\/uploads\/2023\/08\/sanger05_1080_ram-1024x653.jpg 1024w, https:\/\/unicorn.fi\/music\/wp-content\/uploads\/2023\/08\/sanger05_1080_ram-300x191.jpg 300w, https:\/\/unicorn.fi\/music\/wp-content\/uploads\/2023\/08\/sanger05_1080_ram-150x96.jpg 150w, https:\/\/unicorn.fi\/music\/wp-content\/uploads\/2023\/08\/sanger05_1080_ram-768x490.jpg 768w, https:\/\/unicorn.fi\/music\/wp-content\/uploads\/2023\/08\/sanger05_1080_ram.jpg 1053w\" sizes=\"auto, (max-width: 1024px) 100vw, 1024px\" \/><\/figure>\n<\/div>\n<\/div><\/div>","protected":false},"excerpt":{"rendered":"<p>Tine Sylvest<\/p>","protected":false},"author":1,"featured_media":0,"parent":0,"menu_order":0,"comment_status":"closed","ping_status":"closed","template":"","meta":{"_uag_custom_page_level_css":"","site-sidebar-layout":"no-sidebar","site-content-layout":"plain-container","ast-site-content-layout":"normal-width-container","site-content-style":"unboxed","site-sidebar-style":"unboxed","ast-global-header-display":"","ast-banner-title-visibility":"","ast-main-header-display":"","ast-hfb-above-header-display":"","ast-hfb-below-header-display":"","ast-hfb-mobile-header-display":"","site-post-title":"disabled","ast-breadcrumbs-content":"","ast-featured-img":"","footer-sml-layout":"","ast-disable-related-posts":"","theme-transparent-header-meta":"default","adv-header-id-meta":"","stick-header-meta":"","header-above-stick-meta":"","header-main-stick-meta":"","header-below-stick-meta":"","astra-migrate-meta-layouts":"set","ast-page-background-enabled":"default","ast-page-background-meta":{"desktop":{"background-color":"","background-image":"","background-repeat":"repeat","background-position":"center center","background-size":"auto","background-attachment":"scroll","background-type":"","background-media":"","overlay-type":"","overlay-color":"","overlay-opacity":"","overlay-gradient":""},"tablet":{"background-color":"","background-image":"","background-repeat":"repeat","background-position":"center center","background-size":"auto","background-attachment":"scroll","background-type":"","background-media":"","overlay-type":"","overlay-color":"","overlay-opacity":"","overlay-gradient":""},"mobile":{"background-color":"","background-image":"","background-repeat":"repeat","background-position":"center center","background-size":"auto","background-attachment":"scroll","background-type":"","background-media":"","overlay-type":"","overlay-color":"","overlay-opacity":"","overlay-gradient":""}},"ast-content-background-meta":{"desktop":{"background-color":"var(--ast-global-color-5)","background-image":"","background-repeat":"repeat","background-position":"center center","background-size":"auto","background-attachment":"scroll","background-type":"","background-media":"","overlay-type":"","overlay-color":"","overlay-opacity":"","overlay-gradient":""},"tablet":{"background-color":"var(--ast-global-color-5)","background-image":"","background-repeat":"repeat","background-position":"center center","background-size":"auto","background-attachment":"scroll","background-type":"","background-media":"","overlay-type":"","overlay-color":"","overlay-opacity":"","overlay-gradient":""},"mobile":{"background-color":"var(--ast-global-color-5)","background-image":"","background-repeat":"repeat","background-position":"center center","background-size":"auto","background-attachment":"scroll","background-type":"","background-media":"","overlay-type":"","overlay-color":"","overlay-opacity":"","overlay-gradient":""}},"footnotes":""},"class_list":["post-607","page","type-page","status-publish","hentry"],"uagb_featured_image_src":{"full":false,"thumbnail":false,"medium":false,"medium_large":false,"large":false,"1536x1536":false,"2048x2048":false,"trp-custom-language-flag":false},"uagb_author_info":{"display_name":"admin","author_link":"https:\/\/unicorn.fi\/music\/sv\/author\/admin\/"},"uagb_comment_info":0,"uagb_excerpt":"Tine Sylvest","_links":{"self":[{"href":"https:\/\/unicorn.fi\/music\/sv\/wp-json\/wp\/v2\/pages\/607","targetHints":{"allow":["GET"]}}],"collection":[{"href":"https:\/\/unicorn.fi\/music\/sv\/wp-json\/wp\/v2\/pages"}],"about":[{"href":"https:\/\/unicorn.fi\/music\/sv\/wp-json\/wp\/v2\/types\/page"}],"author":[{"embeddable":true,"href":"https:\/\/unicorn.fi\/music\/sv\/wp-json\/wp\/v2\/users\/1"}],"replies":[{"embeddable":true,"href":"https:\/\/unicorn.fi\/music\/sv\/wp-json\/wp\/v2\/comments?post=607"}],"version-history":[{"count":54,"href":"https:\/\/unicorn.fi\/music\/sv\/wp-json\/wp\/v2\/pages\/607\/revisions"}],"predecessor-version":[{"id":1279,"href":"https:\/\/unicorn.fi\/music\/sv\/wp-json\/wp\/v2\/pages\/607\/revisions\/1279"}],"wp:attachment":[{"href":"https:\/\/unicorn.fi\/music\/sv\/wp-json\/wp\/v2\/media?parent=607"}],"curies":[{"name":"wp","href":"https:\/\/api.w.org\/{rel}","templated":true}]}}