{"id":1021,"date":"2023-08-25T10:18:35","date_gmt":"2023-08-25T10:18:35","guid":{"rendered":"https:\/\/test.unicorn.fi\/terapi\/?page_id=1021"},"modified":"2024-04-03T17:04:30","modified_gmt":"2024-04-03T17:04:30","slug":"home_t","status":"publish","type":"page","link":"https:\/\/unicorn.fi\/terapi\/sv\/","title":{"rendered":"Hem"},"content":{"rendered":"<div class=\"wp-block-uagb-container uagb-block-c3a9ad2a alignfull uagb-is-root-container\"><div class=\"uagb-container-inner-blocks-wrap\">\n<div class=\"wp-block-uagb-container uagb-block-1e0bb985\">\n<figure class=\"wp-block-image size-full is-resized has-custom-border\"><img loading=\"lazy\" decoding=\"async\" width=\"768\" height=\"1024\" src=\"https:\/\/unicorn.fi\/terapi\/wp-content\/uploads\/2023\/08\/apart_door_therapy_orig.jpg\" alt=\"\" class=\"has-border-color wp-image-1023\" style=\"border-color:#756430;border-width:8px;width:595px;height:undefinedpx\" srcset=\"https:\/\/unicorn.fi\/terapi\/wp-content\/uploads\/2023\/08\/apart_door_therapy_orig.jpg 768w, https:\/\/unicorn.fi\/terapi\/wp-content\/uploads\/2023\/08\/apart_door_therapy_orig-225x300.jpg 225w, https:\/\/unicorn.fi\/terapi\/wp-content\/uploads\/2023\/08\/apart_door_therapy_orig-113x150.jpg 113w\" sizes=\"auto, (max-width: 768px) 100vw, 768px\" \/><\/figure>\n<\/div>\n\n\n\n<div class=\"wp-block-uagb-container uagb-block-90db4ea6\">\n<p class=\"has-ast-global-color-0-background-color has-background\">Som barn var jag sn\u00e4ll.  N\u00e4r jag kom upp i ton\u00e5ren tyckte m\u00e5nga vuxna synd om mina f\u00f6r\u00e4ldrar eftersom jag pl\u00f6tsligt blev ohanterlig och gjorde saker som vuxna inte tyckte man skulle g\u00f6ra. N\u00e5gra \u00e5r senare kom jag i kontakt med psykoterapi, vilket blev min r\u00e4ddning.<br><br>Som 40-\u00e5ring hade jag f\u00e5tt s\u00e5 mycket st\u00f6d via psykoterapin, att jag kunde b\u00f6rja anv\u00e4nda mitt huvud f\u00f6r att utbilda mig. Tre 3-\u00e5riga psykoterapeututbildningar blev det genom \u00e5ren. En arbetshandledarutbildning, en traumaterapeut-utbildning, och en del andra st\u00f6rre eller mindre kurser. <br><br>I slutet p\u00e5 1990-talet grundade jag mitt f\u00f6retag och startade min privatpraktik som psykoterapeut, arbetshandledare och l\u00e4rare.<br><br>Sammanlagt har jag g\u00e5tt i terapi ungef\u00e4r 34 \u00e5r, och i m\u00e5nga perioder sedan jag startade min praktik har jag ocks\u00e5 g\u00e5tt i arbetshandledning. Det jag kan om arbetshandledning och psykoterapi har jag l\u00e4rt mig via \u201dLearning by doing\u201d. Utbildningarna var bra och gav mig en viktig teoretisk grund att utg\u00e5 ifr\u00e5n, men sj\u00e4lva hantverket l\u00e4rde jag mig mest av allt genom att se och uppleva \u00e4ldre, duktiga terapeuter arbeta. Plus genom att sj\u00e4lv vara med som klient eller studerande och delta i deras interventioner och p\u00e5verkan.<\/p>\n<\/div>\n<\/div><\/div>","protected":false},"excerpt":{"rendered":"<p>As a child, I was well-behaved. When I reached my teenage years, nearly all adults felt pity for my parents because I suddenly became unmanageable and engaged in activities that adults deemed inappropriate. A few years later, I came into contact with psychotherapy, which became my lifeline. By the age of 40, I had received [&hellip;]<\/p>\n","protected":false},"author":1,"featured_media":0,"parent":0,"menu_order":0,"comment_status":"closed","ping_status":"closed","template":"","meta":{"_uag_custom_page_level_css":"","site-sidebar-layout":"default","site-content-layout":"","ast-site-content-layout":"default","site-content-style":"default","site-sidebar-style":"default","ast-global-header-display":"","ast-banner-title-visibility":"","ast-main-header-display":"","ast-hfb-above-header-display":"","ast-hfb-below-header-display":"","ast-hfb-mobile-header-display":"","site-post-title":"","ast-breadcrumbs-content":"","ast-featured-img":"","footer-sml-layout":"","ast-disable-related-posts":"","theme-transparent-header-meta":"","adv-header-id-meta":"","stick-header-meta":"","header-above-stick-meta":"","header-main-stick-meta":"","header-below-stick-meta":"","astra-migrate-meta-layouts":"set","ast-page-background-enabled":"default","ast-page-background-meta":{"desktop":{"background-color":"","background-image":"","background-repeat":"repeat","background-position":"center center","background-size":"auto","background-attachment":"scroll","background-type":"","background-media":"","overlay-type":"","overlay-color":"","overlay-opacity":"","overlay-gradient":""},"tablet":{"background-color":"","background-image":"","background-repeat":"repeat","background-position":"center center","background-size":"auto","background-attachment":"scroll","background-type":"","background-media":"","overlay-type":"","overlay-color":"","overlay-opacity":"","overlay-gradient":""},"mobile":{"background-color":"","background-image":"","background-repeat":"repeat","background-position":"center center","background-size":"auto","background-attachment":"scroll","background-type":"","background-media":"","overlay-type":"","overlay-color":"","overlay-opacity":"","overlay-gradient":""}},"ast-content-background-meta":{"desktop":{"background-color":"var(--ast-global-color-5)","background-image":"","background-repeat":"repeat","background-position":"center center","background-size":"auto","background-attachment":"scroll","background-type":"","background-media":"","overlay-type":"","overlay-color":"","overlay-opacity":"","overlay-gradient":""},"tablet":{"background-color":"var(--ast-global-color-5)","background-image":"","background-repeat":"repeat","background-position":"center center","background-size":"auto","background-attachment":"scroll","background-type":"","background-media":"","overlay-type":"","overlay-color":"","overlay-opacity":"","overlay-gradient":""},"mobile":{"background-color":"var(--ast-global-color-5)","background-image":"","background-repeat":"repeat","background-position":"center center","background-size":"auto","background-attachment":"scroll","background-type":"","background-media":"","overlay-type":"","overlay-color":"","overlay-opacity":"","overlay-gradient":""}},"footnotes":""},"class_list":["post-1021","page","type-page","status-publish","hentry"],"uagb_featured_image_src":{"full":false,"thumbnail":false,"medium":false,"medium_large":false,"large":false,"1536x1536":false,"2048x2048":false,"trp-custom-language-flag":false},"uagb_author_info":{"display_name":"admin","author_link":"https:\/\/unicorn.fi\/terapi\/sv\/author\/admin\/"},"uagb_comment_info":0,"uagb_excerpt":"As a child, I was well-behaved. When I reached my teenage years, nearly all adults felt pity for my parents because I suddenly became unmanageable and engaged in activities that adults deemed inappropriate. A few years later, I came into contact with psychotherapy, which became my lifeline. By the age of 40, I had received&hellip;","_links":{"self":[{"href":"https:\/\/unicorn.fi\/terapi\/sv\/wp-json\/wp\/v2\/pages\/1021","targetHints":{"allow":["GET"]}}],"collection":[{"href":"https:\/\/unicorn.fi\/terapi\/sv\/wp-json\/wp\/v2\/pages"}],"about":[{"href":"https:\/\/unicorn.fi\/terapi\/sv\/wp-json\/wp\/v2\/types\/page"}],"author":[{"embeddable":true,"href":"https:\/\/unicorn.fi\/terapi\/sv\/wp-json\/wp\/v2\/users\/1"}],"replies":[{"embeddable":true,"href":"https:\/\/unicorn.fi\/terapi\/sv\/wp-json\/wp\/v2\/comments?post=1021"}],"version-history":[{"count":9,"href":"https:\/\/unicorn.fi\/terapi\/sv\/wp-json\/wp\/v2\/pages\/1021\/revisions"}],"predecessor-version":[{"id":1633,"href":"https:\/\/unicorn.fi\/terapi\/sv\/wp-json\/wp\/v2\/pages\/1021\/revisions\/1633"}],"wp:attachment":[{"href":"https:\/\/unicorn.fi\/terapi\/sv\/wp-json\/wp\/v2\/media?parent=1021"}],"curies":[{"name":"wp","href":"https:\/\/api.w.org\/{rel}","templated":true}]}}