{"id":1056,"date":"2023-08-25T11:53:04","date_gmt":"2023-08-25T11:53:04","guid":{"rendered":"https:\/\/test.unicorn.fi\/terapi\/?page_id=1056"},"modified":"2024-04-03T16:55:25","modified_gmt":"2024-04-03T16:55:25","slug":"pres2","status":"publish","type":"page","link":"https:\/\/unicorn.fi\/terapi\/sv\/pres2\/","title":{"rendered":"Presentation"},"content":{"rendered":"<div class=\"wp-block-uagb-container uagb-block-36b37ecc alignfull uagb-is-root-container\"><div class=\"uagb-container-inner-blocks-wrap\">\n<div class=\"wp-block-uagb-container uagb-block-34a9a4d2\">\n<p class=\"has-ast-global-color-5-color has-ast-global-color-0-background-color has-text-color has-background\"><strong>Tine Sylvest\u00a0\u00e4r auktoriserad psykoterapeut, coach och arbetshandledare. Hennes\nmottagning finns p\u00e5 Hemg\u00e5rden,\u00a0Storsvedsv\u00e4gen 8 a 1, 65410 Sundom, Vasa.<br><\/strong><br>Som\npsykoterapeut arbetar Tine med individuell terapi, parterapi, familjeterapi (\u00e4ven som FPA-\nrehabilitering) samt individuell terapi i grupper. Hon arbetar ocks\u00e5 som undervisare, och ger\narbetshandledning till individer och grupper. <br><br>Hon \u00e4r specialiserad inom konstterapi, familjeterapi och traumaterapi (EMDR). De teorier\noch f\u00f6rh\u00e5llningss\u00e4tt som hon grundar sitt psykoterapeutiska arbete p\u00e5 kommer fr\u00e4mst fr\u00e5n\ngestaltterapi, sj\u00e4lvpsykologi, kognitiv terapi, systemisk teori och jungiansk analys. <br><br>Under b\u00f6rjan av 90-talet genomgick hon en 3-\u00e5rig utbildning som konstterapeut vid Skolen\nfor Kunst og Psykoterapi i K\u00f6penhamn. Under b\u00f6rjan av 2000-talet deltog hon i en 3-\u00e5rig\nutbildning i teckneterapi vid utbildningsinstitutionen Spektrum i Danmark. B\u00e5da dessa\nutbildningar grundar sig p\u00e5 gestaltterapeutiska teorier, arbetsformer och syns\u00e4tt.<br><br>\u00c5r 2004 blev hon medlem i Dansk Psykoterapeutforening, och deltog i f\u00f6reningens arbetshandledarutbildning 2005-06. Fr\u00e5n 2004 till 2006 genomgick hon ocks\u00e5 en utbildning som familjeterapeut i \u00d6sterbotten, Finland. N\u00e5gra \u00e5r senare utbildade hon\nsig till EMDR-terapeut (traumaterapeut). <br><br>B\u00e5de i psykoterapi och arbetshandledning ligger fokus p\u00e5 samtal och \u00f6kad medvetenhet.\nAlla f\u00f6rlopp l\u00e4ggs upp s\u00e5 att de passar till den enskilda klientens behov och \u00f6nskem\u00e5l. Under\nprocessens g\u00e5ng evalueras b\u00e5de arbetsmetoder, fokus f\u00f6r processen samt de eventuella\ninsikter klienten har f\u00e5tt inom loppet av terapin eller under arbetshandledningens g\u00e5ng. Ifall\nTine anser att det gynnar den terapeutiska processen\/arbetshandledningen, erbjuder hon\nm\u00f6jlighet att arbeta med konstterapeutiska metoder.<\/p>\n<\/div>\n\n\n\n<div class=\"wp-block-uagb-container uagb-block-2b142962\">\n<figure class=\"wp-block-image size-full is-resized has-custom-border\"><img loading=\"lazy\" decoding=\"async\" width=\"630\" height=\"898\" src=\"https:\/\/unicorn.fi\/terapi\/wp-content\/uploads\/2023\/08\/Presentation_Img_630-898.png\" alt=\"\" class=\"has-border-color has-ast-global-color-0-border-color wp-image-1060\" style=\"border-width:5px;width:670px;height:undefinedpx\" srcset=\"https:\/\/unicorn.fi\/terapi\/wp-content\/uploads\/2023\/08\/Presentation_Img_630-898.png 630w, https:\/\/unicorn.fi\/terapi\/wp-content\/uploads\/2023\/08\/Presentation_Img_630-898-210x300.png 210w, https:\/\/unicorn.fi\/terapi\/wp-content\/uploads\/2023\/08\/Presentation_Img_630-898-105x150.png 105w\" sizes=\"auto, (max-width: 630px) 100vw, 630px\" \/><\/figure>\n<\/div>\n<\/div><\/div>\n\n\n\n<div class=\"wp-block-uagb-container uagb-block-084dfc29 alignfull uagb-is-root-container\"><div class=\"uagb-container-inner-blocks-wrap\">\n<p class=\"has-ast-global-color-0-background-color has-background\"><strong><strong>Hennes arbetsmetoder \u00e4r:<\/strong><\/strong><br><br>- S\u00e5ng, annan r\u00f6stanv\u00e4ndning<br>- Bildterapi, teckneterapi<br>- Psykodrama, dramaterapi<br>- Dans, avsp\u00e4nning, r\u00f6relse<br>- Skrivande, ber\u00e4ttande<br>- Dr\u00f6marbete, \u00a0symboldrama<br>- Fantasiresor<br>- Skulpterande<br><br><strong><strong>Dessutom kan hon vid behov anv\u00e4nda sig av:<\/strong><\/strong><br><br>- Andnings\u00f6vningar<br>- Avslappnings\u00f6vningar<br><br>Som arbetshandledare jobbar hon b\u00e5de med enskilda och grupper. Hennes m\u00e5lgrupper \u00e4r fr\u00e4mst\nbehandlare och pedagoger, samt anst\u00e4llda som fungerar som ledare i de organisationer som\nde arbetar f\u00f6r. Tine arbetar g\u00e4rna med coachingmetoder i arbetshandledningen om s\u00e5\n\u00f6nskas. <br><br>Tine undervisar i ledarskap, intra- och interpersonella relationer, kommunikation, \u00f6kad\nmedvetenhet och konstterapi f\u00f6r olika organisationer och l\u00e4roanstalter. Undervisningsformen\n\u00e4r f\u00f6rel\u00e4sning och\/eller workshop.\n\nTine \u00e4r FPA-auktoriserad rehabiliteringspsykoterapeut.<\/p>\n<\/div><\/div>","protected":false},"excerpt":{"rendered":"<p>Tine Sylvest is a psychotherapist MPF. Her private practice is located on Hemg\u00e5rden, Storsvedsv\u00e4gen 8 a 1, 65410 Sundom.Tine Sylvest is an authorized psychotherapist and supervisor. As a psychotherapist she is specialized in art therapy, family therapy and trauma therapy (EMDR). The theories she bases her psychotherapeutic work upon are mostly the theories of Gestalt [&hellip;]<\/p>\n","protected":false},"author":1,"featured_media":0,"parent":0,"menu_order":0,"comment_status":"closed","ping_status":"closed","template":"","meta":{"_uag_custom_page_level_css":"","site-sidebar-layout":"default","site-content-layout":"","ast-site-content-layout":"default","site-content-style":"default","site-sidebar-style":"default","ast-global-header-display":"","ast-banner-title-visibility":"","ast-main-header-display":"","ast-hfb-above-header-display":"","ast-hfb-below-header-display":"","ast-hfb-mobile-header-display":"","site-post-title":"","ast-breadcrumbs-content":"","ast-featured-img":"","footer-sml-layout":"","ast-disable-related-posts":"","theme-transparent-header-meta":"","adv-header-id-meta":"","stick-header-meta":"","header-above-stick-meta":"","header-main-stick-meta":"","header-below-stick-meta":"","astra-migrate-meta-layouts":"set","ast-page-background-enabled":"default","ast-page-background-meta":{"desktop":{"background-color":"","background-image":"","background-repeat":"repeat","background-position":"center center","background-size":"auto","background-attachment":"scroll","background-type":"","background-media":"","overlay-type":"","overlay-color":"","overlay-opacity":"","overlay-gradient":""},"tablet":{"background-color":"","background-image":"","background-repeat":"repeat","background-position":"center center","background-size":"auto","background-attachment":"scroll","background-type":"","background-media":"","overlay-type":"","overlay-color":"","overlay-opacity":"","overlay-gradient":""},"mobile":{"background-color":"","background-image":"","background-repeat":"repeat","background-position":"center center","background-size":"auto","background-attachment":"scroll","background-type":"","background-media":"","overlay-type":"","overlay-color":"","overlay-opacity":"","overlay-gradient":""}},"ast-content-background-meta":{"desktop":{"background-color":"var(--ast-global-color-5)","background-image":"","background-repeat":"repeat","background-position":"center center","background-size":"auto","background-attachment":"scroll","background-type":"","background-media":"","overlay-type":"","overlay-color":"","overlay-opacity":"","overlay-gradient":""},"tablet":{"background-color":"var(--ast-global-color-5)","background-image":"","background-repeat":"repeat","background-position":"center center","background-size":"auto","background-attachment":"scroll","background-type":"","background-media":"","overlay-type":"","overlay-color":"","overlay-opacity":"","overlay-gradient":""},"mobile":{"background-color":"var(--ast-global-color-5)","background-image":"","background-repeat":"repeat","background-position":"center center","background-size":"auto","background-attachment":"scroll","background-type":"","background-media":"","overlay-type":"","overlay-color":"","overlay-opacity":"","overlay-gradient":""}},"footnotes":""},"class_list":["post-1056","page","type-page","status-publish","hentry"],"uagb_featured_image_src":{"full":false,"thumbnail":false,"medium":false,"medium_large":false,"large":false,"1536x1536":false,"2048x2048":false,"trp-custom-language-flag":false},"uagb_author_info":{"display_name":"admin","author_link":"https:\/\/unicorn.fi\/terapi\/sv\/author\/admin\/"},"uagb_comment_info":0,"uagb_excerpt":"Tine Sylvest is a psychotherapist MPF. Her private practice is located on Hemg\u00e5rden, Storsvedsv\u00e4gen 8 a 1, 65410 Sundom.Tine Sylvest is an authorized psychotherapist and supervisor. As a psychotherapist she is specialized in art therapy, family therapy and trauma therapy (EMDR). The theories she bases her psychotherapeutic work upon are mostly the theories of Gestalt&hellip;","_links":{"self":[{"href":"https:\/\/unicorn.fi\/terapi\/sv\/wp-json\/wp\/v2\/pages\/1056","targetHints":{"allow":["GET"]}}],"collection":[{"href":"https:\/\/unicorn.fi\/terapi\/sv\/wp-json\/wp\/v2\/pages"}],"about":[{"href":"https:\/\/unicorn.fi\/terapi\/sv\/wp-json\/wp\/v2\/types\/page"}],"author":[{"embeddable":true,"href":"https:\/\/unicorn.fi\/terapi\/sv\/wp-json\/wp\/v2\/users\/1"}],"replies":[{"embeddable":true,"href":"https:\/\/unicorn.fi\/terapi\/sv\/wp-json\/wp\/v2\/comments?post=1056"}],"version-history":[{"count":12,"href":"https:\/\/unicorn.fi\/terapi\/sv\/wp-json\/wp\/v2\/pages\/1056\/revisions"}],"predecessor-version":[{"id":1632,"href":"https:\/\/unicorn.fi\/terapi\/sv\/wp-json\/wp\/v2\/pages\/1056\/revisions\/1632"}],"wp:attachment":[{"href":"https:\/\/unicorn.fi\/terapi\/sv\/wp-json\/wp\/v2\/media?parent=1056"}],"curies":[{"name":"wp","href":"https:\/\/api.w.org\/{rel}","templated":true}]}}