{"id":1081,"date":"2023-09-04T14:31:15","date_gmt":"2023-09-04T14:31:15","guid":{"rendered":"https:\/\/test.unicorn.fi\/terapi\/?page_id=1081"},"modified":"2023-12-01T12:14:49","modified_gmt":"2023-12-01T12:14:49","slug":"prices","status":"publish","type":"page","link":"https:\/\/unicorn.fi\/terapi\/sv\/prices\/","title":{"rendered":"Priser"},"content":{"rendered":"<div class=\"wp-block-uagb-container uagb-block-ef80a7ad alignfull uagb-is-root-container\"><div class=\"uagb-container-inner-blocks-wrap\">\n<p class=\"has-ast-global-color-6-color has-ast-global-color-5-background-color has-text-color has-background has-medium-font-size\"><strong>PSYKOTERAPI, <em>(momsfri:)<\/em><\/strong><br>                         <br>Individualterapi\u00a0<br>45 min.\u00a0<strong>80,00 \u20ac<\/strong><br><br>Individualterapi<br>90 min.\u00a0\u00a0<strong>160,00 \u20ac<\/strong><br><br>Par\/familjeterapi<br>90 min.\u00a0<strong>200,00 \u20ac<\/strong><br><br>N\u00e4tverksm\u00f6te<br>90 min.\u00a0<strong>200,00 \u20ac<\/strong><br><br><em>PSYKOTERAPI \u00c4R MOMSFRI<\/em><br><br><strong>ARBETSHANDLEDNING, COACHING <\/strong><br><strong>inkl. moms 24 %<\/strong><br><br>Individuell\u00a0<br>(netto\u00a0\u00a0200,00 \u20ac)\u00a0<strong>248,00 \u20ac<\/strong>\u00a0\u00a0 \u00a0 \u00a0 \u00a0 \u00a0 \u00a0 \u00a0 \u00a0 \u00a0 \u00a0 <br><br>2 personer \u2013\u00a090 min.\u00a0<br>(netto\u00a0250,00 \u20ac)\u00a0<strong>310,00 \u20ac<\/strong>\u00a0\u00a0 \u00a0 \u00a0 \u00a0 \u00a0\u00a0\u00a0<br><br>3 - 6 personer - 90 min.\u00a0\u00a0<br>(netto\u00a0\u00a0400,00 \u20ac)\u00a0<strong>496,00 \u20ac<\/strong><br><br>3 - 8 personer - 135 min.\u00a0<br>(netto\u00a0\u00a0500,00 \u20ac)\u00a0<strong>620,00 \u20ac<\/strong>\u00a0<br><br><strong>F\u00d6REDRAG, F\u00d6REL\u00c4SNING <\/strong><br><strong>inkl. moms 24 %<\/strong><br><br>Halvdag - (1 - 4 h) <br>(netto\u00a0\u00a0650,00 \u20ac)<strong>\u00a0806,00 \u20ac<\/strong><br><br>Heldag - (5 - 8 h)\u00a0<br>(netto\u00a0\u00a01200,00 \u20ac)\u00a0<strong>1.488,00 \u20ac<\/strong><br><br>Vid uppdrag utanf\u00f6r Vasa tillkommer kilometerers\u00e4ttning, halva eller hela dagtraktamenten samt eventuellt \u00f6vernattning.<\/p>\n<\/div><\/div>\n\n\n\n<div class=\"wp-block-uagb-container uagb-block-6cf11005 alignfull uagb-is-root-container\"><div class=\"uagb-container-inner-blocks-wrap\"><\/div><\/div>","protected":false},"excerpt":{"rendered":"<p>PSYCHOTHERAPY (VAT-free) Individual therapy \u2013\u00a045 min.\u00a080,00 \u20ac Individual therapy-90 min.\u00a0\u00a0160,00 \u20ac Couples\/family therapy90 min.\u00a0200,00 \u20ac Network meeting\u00a0\u201390 min.\u00a0200,00 \u20ac PSYCHOTERAPY IS VAT-free service SUPERVISION, COACHING, VAT included 24 % Individual \u2013\u00a090 min.\u00a0(net\u00a0\u00a0200,00 \u20ac)\u00a0248,00 \u20ac\u00a0\u00a0 \u00a0 \u00a0 \u00a0 \u00a0 \u00a0 \u00a0 \u00a0 \u00a0 \u00a0 2 persons \u2013\u00a090 min.\u00a0(net\u00a0\u00a0250,00 \u20ac)\u00a0310,00 \u20ac\u00a0\u00a0 \u00a0 \u00a0 \u00a0 \u00a0\u00a0\u00a0 3 \u2013 [&hellip;]<\/p>\n","protected":false},"author":1,"featured_media":0,"parent":0,"menu_order":0,"comment_status":"closed","ping_status":"closed","template":"","meta":{"_uag_custom_page_level_css":"","site-sidebar-layout":"default","site-content-layout":"","ast-site-content-layout":"default","site-content-style":"default","site-sidebar-style":"default","ast-global-header-display":"","ast-banner-title-visibility":"","ast-main-header-display":"","ast-hfb-above-header-display":"","ast-hfb-below-header-display":"","ast-hfb-mobile-header-display":"","site-post-title":"","ast-breadcrumbs-content":"","ast-featured-img":"","footer-sml-layout":"","ast-disable-related-posts":"","theme-transparent-header-meta":"","adv-header-id-meta":"","stick-header-meta":"","header-above-stick-meta":"","header-main-stick-meta":"","header-below-stick-meta":"","astra-migrate-meta-layouts":"set","ast-page-background-enabled":"default","ast-page-background-meta":{"desktop":{"background-color":"","background-image":"","background-repeat":"repeat","background-position":"center center","background-size":"auto","background-attachment":"scroll","background-type":"","background-media":"","overlay-type":"","overlay-color":"","overlay-opacity":"","overlay-gradient":""},"tablet":{"background-color":"","background-image":"","background-repeat":"repeat","background-position":"center center","background-size":"auto","background-attachment":"scroll","background-type":"","background-media":"","overlay-type":"","overlay-color":"","overlay-opacity":"","overlay-gradient":""},"mobile":{"background-color":"","background-image":"","background-repeat":"repeat","background-position":"center center","background-size":"auto","background-attachment":"scroll","background-type":"","background-media":"","overlay-type":"","overlay-color":"","overlay-opacity":"","overlay-gradient":""}},"ast-content-background-meta":{"desktop":{"background-color":"var(--ast-global-color-5)","background-image":"","background-repeat":"repeat","background-position":"center center","background-size":"auto","background-attachment":"scroll","background-type":"","background-media":"","overlay-type":"","overlay-color":"","overlay-opacity":"","overlay-gradient":""},"tablet":{"background-color":"var(--ast-global-color-5)","background-image":"","background-repeat":"repeat","background-position":"center center","background-size":"auto","background-attachment":"scroll","background-type":"","background-media":"","overlay-type":"","overlay-color":"","overlay-opacity":"","overlay-gradient":""},"mobile":{"background-color":"var(--ast-global-color-5)","background-image":"","background-repeat":"repeat","background-position":"center center","background-size":"auto","background-attachment":"scroll","background-type":"","background-media":"","overlay-type":"","overlay-color":"","overlay-opacity":"","overlay-gradient":""}},"footnotes":""},"class_list":["post-1081","page","type-page","status-publish","hentry"],"uagb_featured_image_src":{"full":false,"thumbnail":false,"medium":false,"medium_large":false,"large":false,"1536x1536":false,"2048x2048":false,"trp-custom-language-flag":false},"uagb_author_info":{"display_name":"admin","author_link":"https:\/\/unicorn.fi\/terapi\/sv\/author\/admin\/"},"uagb_comment_info":0,"uagb_excerpt":"PSYCHOTHERAPY (VAT-free) Individual therapy \u2013\u00a045 min.\u00a080,00 \u20ac Individual therapy-90 min.\u00a0\u00a0160,00 \u20ac Couples\/family therapy90 min.\u00a0200,00 \u20ac Network meeting\u00a0\u201390 min.\u00a0200,00 \u20ac PSYCHOTERAPY IS VAT-free service SUPERVISION, COACHING, VAT included 24 % Individual \u2013\u00a090 min.\u00a0(net\u00a0\u00a0200,00 \u20ac)\u00a0248,00 \u20ac\u00a0\u00a0 \u00a0 \u00a0 \u00a0 \u00a0 \u00a0 \u00a0 \u00a0 \u00a0 \u00a0 2 persons \u2013\u00a090 min.\u00a0(net\u00a0\u00a0250,00 \u20ac)\u00a0310,00 \u20ac\u00a0\u00a0 \u00a0 \u00a0 \u00a0 \u00a0\u00a0\u00a0 3 \u2013&hellip;","_links":{"self":[{"href":"https:\/\/unicorn.fi\/terapi\/sv\/wp-json\/wp\/v2\/pages\/1081","targetHints":{"allow":["GET"]}}],"collection":[{"href":"https:\/\/unicorn.fi\/terapi\/sv\/wp-json\/wp\/v2\/pages"}],"about":[{"href":"https:\/\/unicorn.fi\/terapi\/sv\/wp-json\/wp\/v2\/types\/page"}],"author":[{"embeddable":true,"href":"https:\/\/unicorn.fi\/terapi\/sv\/wp-json\/wp\/v2\/users\/1"}],"replies":[{"embeddable":true,"href":"https:\/\/unicorn.fi\/terapi\/sv\/wp-json\/wp\/v2\/comments?post=1081"}],"version-history":[{"count":10,"href":"https:\/\/unicorn.fi\/terapi\/sv\/wp-json\/wp\/v2\/pages\/1081\/revisions"}],"predecessor-version":[{"id":1582,"href":"https:\/\/unicorn.fi\/terapi\/sv\/wp-json\/wp\/v2\/pages\/1081\/revisions\/1582"}],"wp:attachment":[{"href":"https:\/\/unicorn.fi\/terapi\/sv\/wp-json\/wp\/v2\/media?parent=1081"}],"curies":[{"name":"wp","href":"https:\/\/api.w.org\/{rel}","templated":true}]}}