{"id":1099,"date":"2023-09-04T15:02:19","date_gmt":"2023-09-04T15:02:19","guid":{"rendered":"https:\/\/test.unicorn.fi\/terapi\/?page_id=1099"},"modified":"2024-04-17T16:04:50","modified_gmt":"2024-04-17T16:04:50","slug":"about-psychotherapy","status":"publish","type":"page","link":"https:\/\/unicorn.fi\/terapi\/sv\/about-psychotherapy\/","title":{"rendered":"Om Psykoterapi"},"content":{"rendered":"<div class=\"wp-block-uagb-container uagb-block-a58a9061 alignfull uagb-is-root-container\"><div class=\"uagb-container-inner-blocks-wrap\">\n<p class=\"has-ast-global-color-5-color has-ast-global-color-0-background-color has-text-color has-background\"><em>V\u00e4ljs sidan du \u00f6nskar fara till fr\u00e5n listan under, eller fr\u00e5n rullgardins-menyn uppe.<br><\/em><br>1. <a href=\"https:\/\/unicorn.fi\/terapi\/sv\/psychotherapy-2\/\" data-type=\"page\" data-id=\"285\">Psykoterapi<\/a><br><br>2. <a href=\"https:\/\/unicorn.fi\/terapi\/sv\/being-a-witness-to-the-process\/\" data-type=\"page\" data-id=\"288\">Vittne till processen<\/a><br><br>3. <a href=\"https:\/\/unicorn.fi\/terapi\/sv\/the-origins-of-psychotherapy\/\" data-type=\"page\" data-id=\"291\">Terapins r\u00f6tter<br><\/a><br>4. <a href=\"https:\/\/unicorn.fi\/terapi\/sv\/fritz-perls-legacy\/\" data-type=\"page\" data-id=\"294\">Arvet efter Perls<\/a><br><br>5. <a href=\"https:\/\/unicorn.fi\/terapi\/sv\/the-advantages-of-gestalt-therapy\/\" data-type=\"page\" data-id=\"297\">Gestaltterapins f\u00f6retr\u00e4den<\/a><br><br>6. <a href=\"https:\/\/unicorn.fi\/terapi\/sv\/two-important-paired-concepts-within-gestalt-therapy\/\" data-type=\"page\" data-id=\"300\">Tv\u00e5 viktiga begreppspar<\/a><br><br>7. <a href=\"https:\/\/unicorn.fi\/terapi\/sv\/the-three-zones-of-awareness\/\" data-type=\"page\" data-id=\"303\">Medvetenhetens tre zoner<\/a><br><br>8. <a href=\"https:\/\/unicorn.fi\/terapi\/sv\/the-changing-diagnosis\/\" data-type=\"page\" data-id=\"306\">Diagnosen \u00e4r f\u00f6r\u00e4nderlig<\/a><br><br>9. <a href=\"https:\/\/unicorn.fi\/terapi\/sv\/the-gestalt-therapeutic-encounter\/\" data-type=\"page\" data-id=\"309\">Det gestaltterapeutiska m\u00f6tet<\/a><br><br>10. <a href=\"https:\/\/unicorn.fi\/terapi\/sv\/art-therapy-another-way-of-thinking\/\" data-type=\"page\" data-id=\"312\">Konstterapi - ett annat s\u00e4tt att t\u00e4nka<br><\/a><br>11. <a href=\"https:\/\/unicorn.fi\/terapi\/sv\/art-therapy-as-a-method\/\" data-type=\"page\" data-id=\"316\">Anv\u00e4ndning av konstterapi<\/a><br><br>12. <a href=\"https:\/\/unicorn.fi\/terapi\/sv\/the-contribution-of-gestalt-therapy-to-art-therapeutic-work\/\" data-type=\"page\" data-id=\"319\">Gestaltterapins bidrag till konstterapeutiskt arbete<\/a><\/p>\n<\/div><\/div>","protected":false},"excerpt":{"rendered":"<p>Select the page you want to visit from the list below or the drop-down menu at the top.1. Psychotherapy 2. Beeing a witness to the process 3. The origins of psychotherapy4. Fritz perls&#8217; legacy 5. The advantages of gestalt therapy 6. Two important paired concepts within Gestalt therapy 7. The three zones of awareness 8. [&hellip;]<\/p>\n","protected":false},"author":1,"featured_media":0,"parent":0,"menu_order":0,"comment_status":"closed","ping_status":"closed","template":"","meta":{"_uag_custom_page_level_css":"","site-sidebar-layout":"default","site-content-layout":"","ast-site-content-layout":"default","site-content-style":"default","site-sidebar-style":"default","ast-global-header-display":"","ast-banner-title-visibility":"","ast-main-header-display":"","ast-hfb-above-header-display":"","ast-hfb-below-header-display":"","ast-hfb-mobile-header-display":"","site-post-title":"","ast-breadcrumbs-content":"","ast-featured-img":"","footer-sml-layout":"","ast-disable-related-posts":"","theme-transparent-header-meta":"","adv-header-id-meta":"","stick-header-meta":"","header-above-stick-meta":"","header-main-stick-meta":"","header-below-stick-meta":"","astra-migrate-meta-layouts":"set","ast-page-background-enabled":"default","ast-page-background-meta":{"desktop":{"background-color":"","background-image":"","background-repeat":"repeat","background-position":"center center","background-size":"auto","background-attachment":"scroll","background-type":"","background-media":"","overlay-type":"","overlay-color":"","overlay-opacity":"","overlay-gradient":""},"tablet":{"background-color":"","background-image":"","background-repeat":"repeat","background-position":"center center","background-size":"auto","background-attachment":"scroll","background-type":"","background-media":"","overlay-type":"","overlay-color":"","overlay-opacity":"","overlay-gradient":""},"mobile":{"background-color":"","background-image":"","background-repeat":"repeat","background-position":"center center","background-size":"auto","background-attachment":"scroll","background-type":"","background-media":"","overlay-type":"","overlay-color":"","overlay-opacity":"","overlay-gradient":""}},"ast-content-background-meta":{"desktop":{"background-color":"var(--ast-global-color-5)","background-image":"","background-repeat":"repeat","background-position":"center center","background-size":"auto","background-attachment":"scroll","background-type":"","background-media":"","overlay-type":"","overlay-color":"","overlay-opacity":"","overlay-gradient":""},"tablet":{"background-color":"var(--ast-global-color-5)","background-image":"","background-repeat":"repeat","background-position":"center center","background-size":"auto","background-attachment":"scroll","background-type":"","background-media":"","overlay-type":"","overlay-color":"","overlay-opacity":"","overlay-gradient":""},"mobile":{"background-color":"var(--ast-global-color-5)","background-image":"","background-repeat":"repeat","background-position":"center center","background-size":"auto","background-attachment":"scroll","background-type":"","background-media":"","overlay-type":"","overlay-color":"","overlay-opacity":"","overlay-gradient":""}},"footnotes":""},"class_list":["post-1099","page","type-page","status-publish","hentry"],"uagb_featured_image_src":{"full":false,"thumbnail":false,"medium":false,"medium_large":false,"large":false,"1536x1536":false,"2048x2048":false,"trp-custom-language-flag":false},"uagb_author_info":{"display_name":"admin","author_link":"https:\/\/unicorn.fi\/terapi\/sv\/author\/admin\/"},"uagb_comment_info":0,"uagb_excerpt":"Select the page you want to visit from the list below or the drop-down menu at the top.1. Psychotherapy 2. Beeing a witness to the process 3. The origins of psychotherapy4. Fritz perls&#8217; legacy 5. The advantages of gestalt therapy 6. Two important paired concepts within Gestalt therapy 7. The three zones of awareness 8.&hellip;","_links":{"self":[{"href":"https:\/\/unicorn.fi\/terapi\/sv\/wp-json\/wp\/v2\/pages\/1099","targetHints":{"allow":["GET"]}}],"collection":[{"href":"https:\/\/unicorn.fi\/terapi\/sv\/wp-json\/wp\/v2\/pages"}],"about":[{"href":"https:\/\/unicorn.fi\/terapi\/sv\/wp-json\/wp\/v2\/types\/page"}],"author":[{"embeddable":true,"href":"https:\/\/unicorn.fi\/terapi\/sv\/wp-json\/wp\/v2\/users\/1"}],"replies":[{"embeddable":true,"href":"https:\/\/unicorn.fi\/terapi\/sv\/wp-json\/wp\/v2\/comments?post=1099"}],"version-history":[{"count":4,"href":"https:\/\/unicorn.fi\/terapi\/sv\/wp-json\/wp\/v2\/pages\/1099\/revisions"}],"predecessor-version":[{"id":1645,"href":"https:\/\/unicorn.fi\/terapi\/sv\/wp-json\/wp\/v2\/pages\/1099\/revisions\/1645"}],"wp:attachment":[{"href":"https:\/\/unicorn.fi\/terapi\/sv\/wp-json\/wp\/v2\/media?parent=1099"}],"curies":[{"name":"wp","href":"https:\/\/api.w.org\/{rel}","templated":true}]}}