{"id":309,"date":"2015-01-28T08:42:53","date_gmt":"2015-01-28T07:42:53","guid":{"rendered":"https:\/\/test.unicorn.fi\/terapi\/the-gestalt-therapeutic-encounter\/"},"modified":"2024-03-10T15:17:08","modified_gmt":"2024-03-10T15:17:08","slug":"the-gestalt-therapeutic-encounter","status":"publish","type":"page","link":"https:\/\/unicorn.fi\/terapi\/sv\/the-gestalt-therapeutic-encounter\/","title":{"rendered":"9. Det gestaltterapeutiska m\u00f6tet"},"content":{"rendered":"<h2 class=\"wp-block-heading has-text-align-center has-ast-global-color-0-background-color has-background\"><strong>Det gestaltterapeutiska m\u00f6tet<\/strong><\/h2>\n\n\n\n<div class=\"wp-block-uagb-container uagb-block-df215c31 default uagb-is-root-container\">\n<p class=\"has-text-align-center\"><img loading=\"lazy\" decoding=\"async\" width=\"450\" height=\"320\" class=\"wp-image-1476\" style=\"width: 450px;\" src=\"https:\/\/unicorn.fi\/terapi\/wp-content\/uploads\/2023\/09\/art9_use.png\" alt=\"\" srcset=\"https:\/\/unicorn.fi\/terapi\/wp-content\/uploads\/2023\/09\/art9_use.png 1642w, https:\/\/unicorn.fi\/terapi\/wp-content\/uploads\/2023\/09\/art9_use-300x213.png 300w, https:\/\/unicorn.fi\/terapi\/wp-content\/uploads\/2023\/09\/art9_use-1024x728.png 1024w, https:\/\/unicorn.fi\/terapi\/wp-content\/uploads\/2023\/09\/art9_use-150x107.png 150w, https:\/\/unicorn.fi\/terapi\/wp-content\/uploads\/2023\/09\/art9_use-768x546.png 768w, https:\/\/unicorn.fi\/terapi\/wp-content\/uploads\/2023\/09\/art9_use-1536x1093.png 1536w\" sizes=\"auto, (max-width: 450px) 100vw, 450px\" \/><\/p>\n<\/div>\n\n\n\n<p class=\"has-ast-global-color-0-background-color has-background\"><br>Det \u00e4r viktigt att den som arbetar som psykoterapeut har en s\u00e5 h\u00f6g grad av medvetenhet som m\u00f6jligt. D\u00e4rf\u00f6r \u00e4r det bra att hon har g\u00e5tt i egenterapi tillr\u00e4ckligt l\u00e4nge innan hon b\u00f6rjar sin utbildning till psykoterapeut, liksom det b\u00f6r vara en sj\u00e4lvklarhet att hon i forts\u00e4ttningen b\u00e5de under utbildningstiden och, i synnerhet sedan hon b\u00f6rjat praktisera, periodvis g\u00e5r i handledning och egenterapi. En terapeut \u00e4r, som jag var inne p\u00e5 i min f\u00f6rsta artikel, sitt eget fr\u00e4msta arbetsredskap och det \u00e4r ju alltid bra dumt att inte h\u00e5lla sina arbetsredskap i b\u00e4sta m\u00f6jliga skick.<br><br><strong>Handledning och egenterapi inte identiska<\/strong><br><br>Handledning och egenterapi \u00e4r inte samma sak. Det \u00e4r bra f\u00f6r en terapeut, eller  vilken som helst annan arbetstagare att anv\u00e4nda sig av b\u00e5da, och det \u00e4r viktigt att hon f\u00f6r sig sj\u00e4lv st\u00e4ndigt definierar skillnaden mellan dem. Hon skall vara medveten om vilka teman som h\u00f6r till hennes arbete och d\u00e4rmed behandlas i handledning, och vilka som h\u00f6r till henne sj\u00e4lv och d\u00e4rf\u00f6r bearbetas i egenterapi.<br><br><strong>M\u00f6ta i st\u00e4llet f\u00f6r tolka<\/strong><br><br>Gestaltterapeuten \u00e4r p\u00e5 samma g\u00e5ng kontaktfull och distanserad i sitt umg\u00e4nge med klienten. Hon \u00e4r uppm\u00e4rksam och f\u00f6rh\u00e5ller sig avvaktande och respektfullt oberoende vilka problem klienten kommer till terapin med. Terapeuten anv\u00e4nder alert sin intuition och sitt intellekt hela tiden under en terapisession. Hon kan registrera sina egna reaktioner p\u00e5 det klienten g\u00f6r och s\u00e4ger, och hon \u00e4r fortl\u00f6pande i st\u00e5nd till att v\u00e4rdera vilka av dessa egna reaktioner som \u00e4r relevanta att dela med klienten och vilka hon skall h\u00e5lla f\u00f6r sig sj\u00e4lv f\u00f6r att de inte just d\u00e5 har relevans eller v\u00e4rde f\u00f6r den terapeutiska processen. Terapeuten m\u00e5ste vara uppm\u00e4rksam p\u00e5 att  klienten och hon sj\u00e4lv inte automatiskt har samma verklighetsuppfattning och  referensramar. Hon iakttar klienten och tar st\u00e4ndigt reda p\u00e5 vad allting betyder f\u00f6r denna, i st\u00e4llet f\u00f6r att utg\u00e5 ifr\u00e5n att hon har \"f\u00f6rst\u00e5tt\" i betydelsen av att hon uppm\u00e4rksammat sina egna associationer och d\u00e4rvid tolkat det klienten sagt eller gjort. Om detta h\u00e4nder, f\u00f6rlorar terapeuten kontakten med klienten och \u00e4r i st\u00e4llet i kontakt med sina egna fantasier om denna.<br><br><strong>Utg\u00e5ngspunkten f\u00f6r samarbetet<\/strong><br><br>Gestaltterapi fungerar bara om det etableras ett samarbete och en kontakt mellan terapeut och klient. D\u00e4rf\u00f6r \u00e4r det viktigt att terapeuten s\u00e5 snabbt som m\u00f6jligt kommer underfund med hur detta samarbete kan uppr\u00e4tth\u00e5llas. Den gestaltterapeutiska diagnosen skall d\u00e4rf\u00f6r st\u00e4llas s\u00e5 snabbt som m\u00f6jligt redan i b\u00f6rjan av det terapeutiska samarbetet, och justeras fortl\u00f6pande. Den bygger p\u00e5 terapeutens hypotes om och upplevelse av klientens kontakts\u00e4tt, och grundar sig fortl\u00f6pande p\u00e5 klientens beteende h\u00e4r och nu. Det \u00e4r hela tiden terapeutens val hur mycket och p\u00e5 vilket s\u00e4tt han vill delge klienten sina upplevelser av hennes eventuella kontaktavbrott eller s\u00e4tt att vara i kontakt. H\u00e4r r\u00f6r det sig om terapeutens v\u00e4rdering av om ett delgivande kommer att st\u00e4rka klientens beredskap till \u00f6kad kontakt, eller om det bara skadar klienten i situationen, t.ex s\u00e5 att hon upplever sig f\u00f6r starkt konfronterad, och d\u00e4rmed drar sig \u00e4nnu mera ur kontakten.<br><br><strong>Kontaktavbrott<\/strong><br><br>Den danska psykologen och gestaltterapeuten Hanne Hostrup skriver i en av sina b\u00f6cker att n\u00e4r terapeuten k\u00e4nner till diagnosen kan han vara i kontakt med klienten p\u00e5 ett s\u00e4tt s\u00e5 det finns st\u00f6rsta sannolikheten att klienten inte upplever sig kr\u00e4nkt, likgiltig, beroende, underd\u00e5nig, ignorerad, eller p\u00e5 annat s\u00e4tt har orsak att avbryta samarbetet genom att g\u00e5 ur kontakt. Ett av diagnosens syften \u00e4r att b\u00e5de klient och terapeut skall bli klara \u00f6ver klientens vanliga s\u00e4tt att avbryta samarbetet p\u00e5. Detta g\u00f6r klienten i st\u00e5nd till att medvetet v\u00e4lja om hon vill forts\u00e4tta att anv\u00e4nda detta m\u00f6nster att bryta kontakt, eller \u00e4ndra p\u00e5 det.<br><br>Det \u00e4r klart att jag i m\u00f6tet med en ny klient skapar mig vissa uppfattningar om honom, hans problematik och hans grundpersonlighet. Men eftersom diagnos f\u00f6r mig \u00e4r en f\u00f6r\u00e4nderlig och variabel faktor som st\u00e4ndigt uppst\u00e5r p\u00e5 nytt och p\u00e5 nytt i varje \u00f6gonblicks samarbete med en klient, \u00e4r jag i mitt arbete uppm\u00e4rksam p\u00e5 att s\u00e5 lite som m\u00f6jligt l\u00e5ta mig p\u00e5verkas av hurdan diagnosen var f\u00f6r en vecka, en m\u00e5nad eller en minut sedan. I all respekt f\u00f6r hur andra eventuellt har diagnostiserat personen i fr\u00e5ga \u00e4r jag ocks\u00e5 uppm\u00e4rksam p\u00e5 att inte l\u00e5ta dessa diagnoser komma i v\u00e4gen f\u00f6r mitt samarbete med klienten. Jag har dem g\u00e4rna med mig i bakhuvudet som hypoteser, och pr\u00f6var deras sannolikhet under terapisessionerna, men de f\u00e5r inte ta \u00f6verhanden och dominera min upplevelse av klienten och samarbete med denna.<br><br>Detta \u00e4r den nionde artikeln i en serie av tolv artiklar om begreppet psykoterapi och anv\u00e4ndningen av psykoterapeutiska metoder. N\u00e4sta artikel kommer att handla om konstut\u00f6vande som en kontrast till konstterapi.<br><br><em>Text och illustration: Tine Sylvest<br>Foto: Bo Mellberg<br><\/em><br><em>Skribenten \u00e4r psykoterapeut MPF, konstterapeut och arbetshandledare. Hon \u00e4r danska och bor och arbetar i Vasa<\/em><br><br><a href=\"https:\/\/unicorn.fi\/terapi\/sv\/art-therapy-another-way-of-thinking\/\" data-type=\"page\" data-id=\"312\">N\u00e4sta sida : <strong>Konstterapi \u2013 ett annat s\u00e4tt att t\u00e4nka<\/strong><\/a><\/p>","protected":false},"excerpt":{"rendered":"<p>The Gestalt therapeutic encounter It is important that the person working as a psychotherapist has as high a level of awareness as possible. This is one of the reasons why it is good that he or she has had their own personal therapy for a sufficient amount of time before embarking on the road to [&hellip;]<\/p>\n","protected":false},"author":2,"featured_media":0,"parent":0,"menu_order":0,"comment_status":"closed","ping_status":"closed","template":"","meta":{"_uag_custom_page_level_css":"","site-sidebar-layout":"default","site-content-layout":"","ast-site-content-layout":"default","site-content-style":"default","site-sidebar-style":"default","ast-global-header-display":"","ast-banner-title-visibility":"","ast-main-header-display":"","ast-hfb-above-header-display":"","ast-hfb-below-header-display":"","ast-hfb-mobile-header-display":"","site-post-title":"","ast-breadcrumbs-content":"","ast-featured-img":"","footer-sml-layout":"","ast-disable-related-posts":"","theme-transparent-header-meta":"","adv-header-id-meta":"","stick-header-meta":"","header-above-stick-meta":"","header-main-stick-meta":"","header-below-stick-meta":"","astra-migrate-meta-layouts":"set","ast-page-background-enabled":"default","ast-page-background-meta":{"desktop":{"background-color":"","background-image":"","background-repeat":"repeat","background-position":"center center","background-size":"auto","background-attachment":"scroll","background-type":"","background-media":"","overlay-type":"","overlay-color":"","overlay-opacity":"","overlay-gradient":""},"tablet":{"background-color":"","background-image":"","background-repeat":"repeat","background-position":"center center","background-size":"auto","background-attachment":"scroll","background-type":"","background-media":"","overlay-type":"","overlay-color":"","overlay-opacity":"","overlay-gradient":""},"mobile":{"background-color":"","background-image":"","background-repeat":"repeat","background-position":"center center","background-size":"auto","background-attachment":"scroll","background-type":"","background-media":"","overlay-type":"","overlay-color":"","overlay-opacity":"","overlay-gradient":""}},"ast-content-background-meta":{"desktop":{"background-color":"var(--ast-global-color-5)","background-image":"","background-repeat":"repeat","background-position":"center center","background-size":"auto","background-attachment":"scroll","background-type":"","background-media":"","overlay-type":"","overlay-color":"","overlay-opacity":"","overlay-gradient":""},"tablet":{"background-color":"var(--ast-global-color-5)","background-image":"","background-repeat":"repeat","background-position":"center center","background-size":"auto","background-attachment":"scroll","background-type":"","background-media":"","overlay-type":"","overlay-color":"","overlay-opacity":"","overlay-gradient":""},"mobile":{"background-color":"var(--ast-global-color-5)","background-image":"","background-repeat":"repeat","background-position":"center center","background-size":"auto","background-attachment":"scroll","background-type":"","background-media":"","overlay-type":"","overlay-color":"","overlay-opacity":"","overlay-gradient":""}},"footnotes":""},"class_list":["post-309","page","type-page","status-publish","hentry"],"uagb_featured_image_src":{"full":false,"thumbnail":false,"medium":false,"medium_large":false,"large":false,"1536x1536":false,"2048x2048":false,"trp-custom-language-flag":false},"uagb_author_info":{"display_name":"therpaimport","author_link":"https:\/\/unicorn.fi\/terapi\/sv\/author\/therpaimport\/"},"uagb_comment_info":0,"uagb_excerpt":"The Gestalt therapeutic encounter It is important that the person working as a psychotherapist has as high a level of awareness as possible. This is one of the reasons why it is good that he or she has had their own personal therapy for a sufficient amount of time before embarking on the road to&hellip;","_links":{"self":[{"href":"https:\/\/unicorn.fi\/terapi\/sv\/wp-json\/wp\/v2\/pages\/309","targetHints":{"allow":["GET"]}}],"collection":[{"href":"https:\/\/unicorn.fi\/terapi\/sv\/wp-json\/wp\/v2\/pages"}],"about":[{"href":"https:\/\/unicorn.fi\/terapi\/sv\/wp-json\/wp\/v2\/types\/page"}],"author":[{"embeddable":true,"href":"https:\/\/unicorn.fi\/terapi\/sv\/wp-json\/wp\/v2\/users\/2"}],"replies":[{"embeddable":true,"href":"https:\/\/unicorn.fi\/terapi\/sv\/wp-json\/wp\/v2\/comments?post=309"}],"version-history":[{"count":9,"href":"https:\/\/unicorn.fi\/terapi\/sv\/wp-json\/wp\/v2\/pages\/309\/revisions"}],"predecessor-version":[{"id":1618,"href":"https:\/\/unicorn.fi\/terapi\/sv\/wp-json\/wp\/v2\/pages\/309\/revisions\/1618"}],"wp:attachment":[{"href":"https:\/\/unicorn.fi\/terapi\/sv\/wp-json\/wp\/v2\/media?parent=309"}],"curies":[{"name":"wp","href":"https:\/\/api.w.org\/{rel}","templated":true}]}}