{"id":312,"date":"2015-01-28T08:44:33","date_gmt":"2015-01-28T07:44:33","guid":{"rendered":"https:\/\/test.unicorn.fi\/terapi\/art-therapy-another-way-of-thinking\/"},"modified":"2024-03-03T14:51:19","modified_gmt":"2024-03-03T14:51:19","slug":"art-therapy-another-way-of-thinking","status":"publish","type":"page","link":"https:\/\/unicorn.fi\/terapi\/sv\/art-therapy-another-way-of-thinking\/","title":{"rendered":"10. Konstterapi - Ett annat s\u00e4tt att t\u00e4nka"},"content":{"rendered":"<h2 class=\"wp-block-heading has-text-align-center has-ast-global-color-0-background-color has-background\"><strong>Konstterapi \u2013 ett annat s\u00e4tt att t\u00e4nka<\/strong><\/h2>\n\n\n\n<div class=\"wp-block-uagb-container uagb-block-2f9cb456 default uagb-is-root-container\">\n<p class=\"has-text-align-center\"><img loading=\"lazy\" decoding=\"async\" width=\"450\" height=\"316\" class=\"wp-image-1490\" style=\"width: 450px;\" src=\"https:\/\/unicorn.fi\/terapi\/wp-content\/uploads\/2023\/09\/art10_new.png\" alt=\"\" srcset=\"https:\/\/unicorn.fi\/terapi\/wp-content\/uploads\/2023\/09\/art10_new.png 1675w, https:\/\/unicorn.fi\/terapi\/wp-content\/uploads\/2023\/09\/art10_new-300x211.png 300w, https:\/\/unicorn.fi\/terapi\/wp-content\/uploads\/2023\/09\/art10_new-1024x720.png 1024w, https:\/\/unicorn.fi\/terapi\/wp-content\/uploads\/2023\/09\/art10_new-150x105.png 150w, https:\/\/unicorn.fi\/terapi\/wp-content\/uploads\/2023\/09\/art10_new-768x540.png 768w, https:\/\/unicorn.fi\/terapi\/wp-content\/uploads\/2023\/09\/art10_new-1536x1080.png 1536w\" sizes=\"auto, (max-width: 450px) 100vw, 450px\" \/><\/p>\n<\/div>\n\n\n\n<p class=\"has-ast-global-color-0-background-color has-background\"><br>Undertecknads arbetsliv b\u00f6rjade med en utbildning p\u00e5 en av v\u00e5ra tre danska teaterh\u00f6gskolor, Odense Teaters Elevskole. F\u00f6re detta hade jag genom hela min ton\u00e5rstid sjungit i en semiprofessionell ungdomsk\u00f6r; Danmarks Radios Pigekor. Mitt d\u00e5varande f\u00f6rh\u00e5llande till konst och anv\u00e4ndningen av de konstn\u00e4rliga uttrycksmedlen var ganska v\u00e5ldsamt influerat av dessa omgivningars p\u00e5verkan: \u201dKonst \u00e4r sv\u00e5rt, skall utf\u00f6ras virtuost, och det \u00e4r n\u00e5gra f\u00e5 utvalda som har talang - och d\u00e4rmed r\u00e4tt -  att ut\u00f6va den.\u201d Det tog mig m\u00e5nga \u00e5r att inse att verkligheten inte n\u00f6dv\u00e4ndigtvis ser s\u00e5dan ut.<br><br>Efter att i cirka 15 \u00e5r av mitt vuxna liv ha arbetat som professionell artist, f\u00f6rst som sk\u00e5despelare p\u00e5 Odense Teater i Danmark, sedan som s\u00e5ngsolist i de nordiska l\u00e4nderna och j\u00e4msides med detta g\u00e5tt i egenterapi, b\u00f6rjade jag p\u00e5 en psykoterapeututbildning med konstterapeutisk inriktning. Detta kom att f\u00f6r\u00e4ndra mitt liv, inte bara privat och arbetsm\u00e4ssigt, utan ocks\u00e5 i f\u00f6rh\u00e5llande till allt vad jag hade l\u00e4rt om konst. I detta f\u00f6r mig nya sammanhanget var konsten i sig inte viktig, h\u00e4r var det inte tal om \u201dkonst f\u00f6r konstens egen skull\u201d. H\u00e4r anv\u00e4ndes de konstn\u00e4rliga uttrycksmedlen enbart som ett redskap f\u00f6r psykoterapi, den enskildas process att bli mera medveten om sig sj\u00e4lv.<br><br>Det var f\u00f6rvirrande i b\u00f6rjan. Jag hade ju l\u00e4rt att konsten n\u00e4stan var \u201dhelig\u201d, och n\u00e5got man skulle n\u00e4rma sig med stor respektfullhet och \u00f6dmjukhet. Men sm\u00e5ningom under utbildningens g\u00e5ng s\u00e5g jag ju hur bra det annorlunda t\u00e4nke- och arbetss\u00e4ttet fungerade. Att anv\u00e4nda de konstn\u00e4rliga uttrycksmedlen p\u00e5 det processorienterade s\u00e4ttet var s\u00e5 diametralt motsatt det jag hade l\u00e4rt och h\u00e5llit p\u00e5 med som \u201dprofessionell\u201d. Dock m\u00e4rkte jag snart hur stora m\u00f6jligheter det gav \u00e5t var och en att uppt\u00e4cka mera om sig sj\u00e4lv och sina resurser. N\u00e4stan alla de andra i utbildningsgruppen hade grundutbildning inom v\u00e5rden, s\u00e5 de m\u00e5ste bekanta sig fr\u00e5n grunden med vart och ett av de olika konstn\u00e4rliga uttrycksmedlen. Som konstterapeut m\u00e5ste man n\u00e4mligen kunna sitt hantverk, sj\u00e4lv kunna arbeta med redskapen. S\u00e5 h\u00e4r kom mina grundutbildningar v\u00e4l till pass. F\u00f6r mig var den sv\u00e5raste biten det nya, annorlunda t\u00e4nkes\u00e4ttet kring konstut\u00f6vande: de tv\u00e5 motsatta s\u00e4tten att anv\u00e4nda de konstn\u00e4rliga uttrycksmedlen.<br><br><strong>Tv\u00e5 motsatta s\u00e4tt att anv\u00e4nda de konstn\u00e4rliga uttrycksmedlen<\/strong><br><br>Eftersom jag i dag dels undervisar i s\u00e5ng och drama, och dels anv\u00e4nder de konstn\u00e4rliga uttrycksmedlen som redskap i mitt vardagliga arbete med klienter i psykoterapi och arbetshandledning, har jag reflekterat mycket \u00f6ver skillnaden mellan s\u00e4tten att anv\u00e4nda de konstn\u00e4rliga uttrycksmedlen. Dessa tankar \u00e4r grunden f\u00f6r nedanst\u00e5ende modell:<\/p>\n\n\n\n<figure class=\"wp-block-image aligncenter size-full is-resized\"><img loading=\"lazy\" decoding=\"async\" width=\"622\" height=\"572\" src=\"https:\/\/unicorn.fi\/terapi\/wp-content\/uploads\/2023\/11\/Modell_konstterapi_svenska.png\" alt=\"\" class=\"wp-image-1380\" style=\"width:457px;height:420px\" srcset=\"https:\/\/unicorn.fi\/terapi\/wp-content\/uploads\/2023\/11\/Modell_konstterapi_svenska.png 622w, https:\/\/unicorn.fi\/terapi\/wp-content\/uploads\/2023\/11\/Modell_konstterapi_svenska-300x276.png 300w, https:\/\/unicorn.fi\/terapi\/wp-content\/uploads\/2023\/11\/Modell_konstterapi_svenska-150x138.png 150w, https:\/\/unicorn.fi\/terapi\/wp-content\/uploads\/2023\/11\/Modell_konstterapi_svenska-13x12.png 13w\" sizes=\"auto, (max-width: 622px) 100vw, 622px\" \/><\/figure>\n\n\n\n<p class=\"has-ast-global-color-0-background-color has-background\"><strong>Avsiktligt framst\u00e4lld konst<\/strong><br><br>Enligt min mening \u00e4r konst  objekt eller \u00f6gonblickliga situationer som en eller flera m\u00e4nniskor skapar med avsikt. Framst\u00e4llningen av konst \u00e4r ofta helt eller delvis resultatinriktad.  Oftast \u00e4r den \u00f6verordnade meningen med konst att betraktaren skall  uppleva ett konstn\u00e4rligt v\u00e4rde i alstret, d.v.s. p\u00e5 ett eller annat s\u00e4tt ber\u00f6ras av att uppleva det.<br><br>Lika som avsiktlig framst\u00e4llning av konst prim\u00e4rt \u00e4r resultatinriktad, \u00e4r undervisning i att ut\u00f6va konst det ocks\u00e5. I konstundervisning \u00e4r det elevens och l\u00e4rarens gemensamma m\u00e5l att eleven st\u00e4ndigt skall bli duktigare p\u00e5 att ut\u00f6va den gren inom konsten som hon arbetar med. H\u00e4rmed vare dock inte sagt att eleven inte skall utveckla sig personligt. Det \u00e4r meningen och \u00f6nskv\u00e4rt att m\u00e4nniskor som arbetar med att producera konst eller h\u00e5ller p\u00e5 att l\u00e4ra sig det, helst skall influeras s\u00e5 mycket av arbetet att det pr\u00e4glar deras personliga process. Och s\u00e5 l\u00e4nge det handlar om ett pedagogiskt f\u00f6rlopp b\u00f6r den l\u00e4rare som undervisar i konst vara redo f\u00f6r, utbildad och kapabel till att st\u00f6tta eleven i dennas personliga process. Dock skall fokus inte vara p\u00e5  den personliga processen, utan p\u00e5 utveckling av elevens f\u00e4rdigheter i framst\u00e4llning av konst inom det omr\u00e5de som hon h\u00e5ller p\u00e5 att f\u00f6rkovra sig i.<br><br><em>Text och illustration: Tine Sylvest<br>Foto: Bo Mellberg<br><\/em><br><em>Skribenten \u00e4r psykoterapeut MPF, konstterapeut och arbetshandledare. Hon \u00e4r danska och bor och arbetar i Vasa<\/em><br><br><a href=\"https:\/\/unicorn.fi\/terapi\/sv\/art-therapy-as-a-method\/\" data-type=\"page\" data-id=\"316\">N\u00e4sta sida : <strong>&nbsp;Anv\u00e4ndning av konstterapi<\/strong><\/a><\/p>","protected":false},"excerpt":{"rendered":"<p>Art therapy \u2013 another way of thinking My professional life started with an education at one of the three Danish Colleges of Acting, the Odense Theater Drama School (Danish: Odense Teaters Elevskole). Before this, I had throughout my teens participated in a semi-professional youth choir: the Danish National Girls Choir (Danish: Danmarks Radios Pigekor). My [&hellip;]<\/p>\n","protected":false},"author":2,"featured_media":0,"parent":0,"menu_order":0,"comment_status":"closed","ping_status":"closed","template":"","meta":{"_uag_custom_page_level_css":"","site-sidebar-layout":"default","site-content-layout":"","ast-site-content-layout":"default","site-content-style":"default","site-sidebar-style":"default","ast-global-header-display":"","ast-banner-title-visibility":"","ast-main-header-display":"","ast-hfb-above-header-display":"","ast-hfb-below-header-display":"","ast-hfb-mobile-header-display":"","site-post-title":"","ast-breadcrumbs-content":"","ast-featured-img":"","footer-sml-layout":"","ast-disable-related-posts":"","theme-transparent-header-meta":"","adv-header-id-meta":"","stick-header-meta":"","header-above-stick-meta":"","header-main-stick-meta":"","header-below-stick-meta":"","astra-migrate-meta-layouts":"set","ast-page-background-enabled":"default","ast-page-background-meta":{"desktop":{"background-color":"","background-image":"","background-repeat":"repeat","background-position":"center center","background-size":"auto","background-attachment":"scroll","background-type":"","background-media":"","overlay-type":"","overlay-color":"","overlay-opacity":"","overlay-gradient":""},"tablet":{"background-color":"","background-image":"","background-repeat":"repeat","background-position":"center center","background-size":"auto","background-attachment":"scroll","background-type":"","background-media":"","overlay-type":"","overlay-color":"","overlay-opacity":"","overlay-gradient":""},"mobile":{"background-color":"","background-image":"","background-repeat":"repeat","background-position":"center center","background-size":"auto","background-attachment":"scroll","background-type":"","background-media":"","overlay-type":"","overlay-color":"","overlay-opacity":"","overlay-gradient":""}},"ast-content-background-meta":{"desktop":{"background-color":"var(--ast-global-color-5)","background-image":"","background-repeat":"repeat","background-position":"center center","background-size":"auto","background-attachment":"scroll","background-type":"","background-media":"","overlay-type":"","overlay-color":"","overlay-opacity":"","overlay-gradient":""},"tablet":{"background-color":"var(--ast-global-color-5)","background-image":"","background-repeat":"repeat","background-position":"center center","background-size":"auto","background-attachment":"scroll","background-type":"","background-media":"","overlay-type":"","overlay-color":"","overlay-opacity":"","overlay-gradient":""},"mobile":{"background-color":"var(--ast-global-color-5)","background-image":"","background-repeat":"repeat","background-position":"center center","background-size":"auto","background-attachment":"scroll","background-type":"","background-media":"","overlay-type":"","overlay-color":"","overlay-opacity":"","overlay-gradient":""}},"footnotes":""},"class_list":["post-312","page","type-page","status-publish","hentry"],"uagb_featured_image_src":{"full":false,"thumbnail":false,"medium":false,"medium_large":false,"large":false,"1536x1536":false,"2048x2048":false,"trp-custom-language-flag":false},"uagb_author_info":{"display_name":"therpaimport","author_link":"https:\/\/unicorn.fi\/terapi\/sv\/author\/therpaimport\/"},"uagb_comment_info":0,"uagb_excerpt":"Art therapy \u2013 another way of thinking My professional life started with an education at one of the three Danish Colleges of Acting, the Odense Theater Drama School (Danish: Odense Teaters Elevskole). Before this, I had throughout my teens participated in a semi-professional youth choir: the Danish National Girls Choir (Danish: Danmarks Radios Pigekor). My&hellip;","_links":{"self":[{"href":"https:\/\/unicorn.fi\/terapi\/sv\/wp-json\/wp\/v2\/pages\/312","targetHints":{"allow":["GET"]}}],"collection":[{"href":"https:\/\/unicorn.fi\/terapi\/sv\/wp-json\/wp\/v2\/pages"}],"about":[{"href":"https:\/\/unicorn.fi\/terapi\/sv\/wp-json\/wp\/v2\/types\/page"}],"author":[{"embeddable":true,"href":"https:\/\/unicorn.fi\/terapi\/sv\/wp-json\/wp\/v2\/users\/2"}],"replies":[{"embeddable":true,"href":"https:\/\/unicorn.fi\/terapi\/sv\/wp-json\/wp\/v2\/comments?post=312"}],"version-history":[{"count":9,"href":"https:\/\/unicorn.fi\/terapi\/sv\/wp-json\/wp\/v2\/pages\/312\/revisions"}],"predecessor-version":[{"id":1595,"href":"https:\/\/unicorn.fi\/terapi\/sv\/wp-json\/wp\/v2\/pages\/312\/revisions\/1595"}],"wp:attachment":[{"href":"https:\/\/unicorn.fi\/terapi\/sv\/wp-json\/wp\/v2\/media?parent=312"}],"curies":[{"name":"wp","href":"https:\/\/api.w.org\/{rel}","templated":true}]}}