{"id":316,"date":"2015-01-28T08:47:53","date_gmt":"2015-01-28T07:47:53","guid":{"rendered":"https:\/\/test.unicorn.fi\/terapi\/art-therapy-as-a-method\/"},"modified":"2024-03-24T14:00:09","modified_gmt":"2024-03-24T14:00:09","slug":"art-therapy-as-a-method","status":"publish","type":"page","link":"https:\/\/unicorn.fi\/terapi\/sv\/art-therapy-as-a-method\/","title":{"rendered":"11. Anv\u00e4ndning av konstterapi"},"content":{"rendered":"<h2 class=\"wp-block-heading has-text-align-center has-ast-global-color-0-background-color has-background\"><strong>&nbsp;Anv\u00e4ndning av konstterapi<\/strong><\/h2>\n\n\n\n<div class=\"wp-block-uagb-container uagb-block-87233725 default uagb-is-root-container\">\n<p class=\"has-text-align-center\"><img loading=\"lazy\" decoding=\"async\" width=\"450\" height=\"317\" class=\"wp-image-1484\" style=\"width: 450px;\" src=\"https:\/\/unicorn.fi\/terapi\/wp-content\/uploads\/2023\/09\/art11_use.png\" alt=\"\" srcset=\"https:\/\/unicorn.fi\/terapi\/wp-content\/uploads\/2023\/09\/art11_use.png 1636w, https:\/\/unicorn.fi\/terapi\/wp-content\/uploads\/2023\/09\/art11_use-300x211.png 300w, https:\/\/unicorn.fi\/terapi\/wp-content\/uploads\/2023\/09\/art11_use-1024x721.png 1024w, https:\/\/unicorn.fi\/terapi\/wp-content\/uploads\/2023\/09\/art11_use-150x106.png 150w, https:\/\/unicorn.fi\/terapi\/wp-content\/uploads\/2023\/09\/art11_use-768x541.png 768w, https:\/\/unicorn.fi\/terapi\/wp-content\/uploads\/2023\/09\/art11_use-1536x1082.png 1536w\" sizes=\"auto, (max-width: 450px) 100vw, 450px\" \/><\/p>\n<\/div>\n\n\n\n<p class=\"has-ast-global-color-0-background-color has-background\"><br>I konstterapi anv\u00e4nds de konstn\u00e4rliga  uttrycksmedlen som redskap f\u00f6r den terapeutiska processen. Det \u00e4r klientens process i arbetet med ett konstn\u00e4rligt uttrycksmedel som \u00e4r i fokus, och ett konstn\u00e4rligt kvalitativt resultat av konstut\u00f6vandet \u00e4r fullst\u00e4ndigt oviktigt. Det betyder allts\u00e5 ingenting om klienten t.ex. sjunger rent eller falskt, eller om han kan teckna ett hus s\u00e5 man kan se vad det skall f\u00f6rest\u00e4lla. Det viktiga \u00e4r vad som h\u00e4nder med klienten i processen, och vilka insikter han eventuellt kommer till p\u00e5 grund av den. En huvudregel \u00e4r d\u00e4rf\u00f6r att alster som framst\u00e4lls i konstterapi aldrig f\u00e5r kommenteras  p\u00e5 ett v\u00e4rderande s\u00e4tt, vare sig av terapeut eller av eventuella medklienter.<br><br><strong>Konst av en slump<\/strong><br><br>Det \u00e4r intressant att iaktta att processorienterad anv\u00e4ndning av de konstn\u00e4rliga uttrycksmedlen faktiskt glimtvis kan resultera i alster av h\u00f6gt konstn\u00e4rligt v\u00e4rde. Skillnaden mellan detta och konstalster framst\u00e4llda med avsikten att skapa konst \u00e4r, att den processorienterade framst\u00e4llaren oftast inte sj\u00e4lv upplever det framst\u00e4llda alstret som konst, och att han oftast inte \u00e4r i st\u00e5nd till att reproducera det eller att producera ett annat liknande alster av lika h\u00f6gt konstn\u00e4rligt v\u00e4rde.<br><br><strong>Terapeutens uppgift i konstterapi<\/strong><br><br>I mitt arbete som psykoterapeut och handledare med inriktning p\u00e5 gestalt- och konstterapi  anv\u00e4nder jag f\u00f6ljande konstn\u00e4rliga uttrycksmedel som \"redskap\" f\u00f6r den terapeutiska processen:<br><br>- S\u00e5ng och annan r\u00f6stanv\u00e4ndning<br>- M\u00e5lning (bildterapi) och teckning samt teckneterapi, som \u00e4r en speciell gren av bildterapin.<br>- Drama (psykodrama och dramaterapi) \u2013 h\u00e4r ing\u00e5r dr\u00f6marbete och arbete med symboler, samt ber\u00e4ttande av och arbete med historier och sagor.<br>- Framst\u00e4llning av skulpturer i lera eller andra material<br>- Framst\u00e4llning av collage<br>- Skrivande av brev, dikter, sagor, noveller, musik etc.<br><br>Som underst\u00f6d f\u00f6r anv\u00e4ndning av flera av dessa redskap jobbar jag med andningstekniker i ett  system som jag  kallar aktiv utandning.<br><br><strong>Terapeutens uppgift i konstterapi<\/strong><br><br>En av den danska psykologen och gestaltterapeuten Hanne Hostrups b\u00f6cker  handlar om och beskriver en gren av konstterapin som hon sj\u00e4lv har utvecklat, n\u00e4mligen teckneterapin. I denna bok redog\u00f6r hon fr\u00e4mst f\u00f6r teckneterapins grunder, arbetss\u00e4tt och principer. Hanne Hostrups synpunkter p\u00e5 teckneterapi kan gott till\u00e4mpas p\u00e5 psykoterapeutisk anv\u00e4ndning av de konstn\u00e4rliga uttrycksmedlen \u00f6ver lag. Hon skriver att terapeutens uppgift i teckneterapi inte bara \u00e4r att hj\u00e4lpa klienter att arbeta med bilder och f\u00f6rst\u00e5 dem p\u00e5 basis av teorierna. Det som g\u00f6r konstterapi till psykoterapi \u00e4r att en terapeut - som har sina metoder och antaganden f\u00f6rankrade i sin teori - ger klienten optimala m\u00f6jligheter att uppleva och erk\u00e4nna betydelsen av de budskap som finns i de egna bilderna, dr\u00f6msymbolerna, dikterna, dramatiseringarna etc., och i de handlingar och samtal som utspelar sig omkring dem.<br>Konstprodukter kan tolkas utg\u00e5ende fr\u00e5n olika referensramar, t.ex. den freudianska eller den jungianska, beroende p\u00e5 terapeutens inriktning. Dock \u00e4r det av yttersta vikt att terapeuten s\u00e4tter sig in i och respekterar klientens egen tolkning, eftersom den \u00e4r den enda r\u00e4tta nyckeln till n\u00e4sta steg i terapiprocessen. Om terapeuten tolkar klientens bild eller upplevelse, f\u00f6rlorar hon kontakten med klienten och den betydelse bilden eller upplevelsen har f\u00f6r denna. Terapeuten \u00e4r i detta fall i huvudsak i kontakt med sin egen fantasi. Detta resulterar i sin tur i ett kontaktavbrott som absolut inte gagnar den terapeutiska processen.<br><br>En annan fallgrop f\u00f6r den ouppm\u00e4rksamma terapeuten \u00e4r att uttala sig bed\u00f6mande om ett alster som uppst\u00e5tt i konstterapi, \u00e4ven om det skulle vara \u201dpositiv\u201d kritik. Resultatet blir l\u00e4tt att klienten upplever att hans alster i alla fall blir bed\u00f6mda, och mer eller mindre medvetet l\u00e5ter denna erfarenhet influera p\u00e5 framtida framst\u00e4llningar av konstterapeutiska alster. Det st\u00f6r i sin tur den terapeutiska processen.<br><br>Det enda som terapeuten egentligen f\u00e5r g\u00f6ra \u00e4r att fr\u00e5ga. Detta kr\u00e4ver mera \u00e4n kunskap om anv\u00e4ndningen av de konstn\u00e4rliga uttrycksmedlen. Det kr\u00e4ver en best\u00e4md psykoterapeutisk h\u00e5llning och tr\u00e4ning att st\u00f6tta klienten i genomarbetandet av de bilder, dramatiseringar, dikter, brev, kompositioner etc. och teman som kommer upp i konstterapin. Dessutom kr\u00e4ver det kunnighet, f\u00f6rm\u00e5ga och vilja till att vara i kontakt med klienten genom den terapeutiska processen p\u00e5 ett s\u00e4tt som f\u00f6rmedlar insikt. V\u00e4rdet av konstterapi ligger f\u00f6rst och fr\u00e4mst i att erbjuda klienten ett uttrycksmedel som i sig sj\u00e4lvt bringar viktigt psykologiskt material till den yttre v\u00e4rlden, s\u00e5 att klient och terapeut tillsammans kan bearbeta det p\u00e5 ett insiktsgivande och f\u00f6rsvarbart s\u00e4tt.<br><br><em>Text och illustration: Tine Sylvest<br>Foto: Bo Mellberg<br><\/em><br><em>Skribenten \u00e4r psykoterapeut MPF, konstterapeut och arbetshandledare. Hon \u00e4r danska och bor och arbetar i Vasa<\/em><br><br><a href=\"https:\/\/unicorn.fi\/terapi\/sv\/the-contribution-of-gestalt-therapy-to-art-therapeutic-work\/\" data-type=\"page\" data-id=\"319\">N\u00e4sta sida : <strong>Gestaltterapins bidrag till konstterapeutiskt arbete<\/strong><\/a><\/p>","protected":false},"excerpt":{"rendered":"<p>&nbsp;Art therapy as a method Within art therapy, the means of artistic expression are used as tools for the therapeutic process. It is the client\u2019s process in working with a means of artistic expression, which constitutes the focus. The qualitative results of creating the therapeutic work of art are entirely insignificant. This means that it [&hellip;]<\/p>\n","protected":false},"author":2,"featured_media":0,"parent":0,"menu_order":0,"comment_status":"closed","ping_status":"closed","template":"","meta":{"_uag_custom_page_level_css":"","site-sidebar-layout":"default","site-content-layout":"","ast-site-content-layout":"default","site-content-style":"default","site-sidebar-style":"default","ast-global-header-display":"","ast-banner-title-visibility":"","ast-main-header-display":"","ast-hfb-above-header-display":"","ast-hfb-below-header-display":"","ast-hfb-mobile-header-display":"","site-post-title":"","ast-breadcrumbs-content":"","ast-featured-img":"","footer-sml-layout":"","ast-disable-related-posts":"","theme-transparent-header-meta":"","adv-header-id-meta":"","stick-header-meta":"","header-above-stick-meta":"","header-main-stick-meta":"","header-below-stick-meta":"","astra-migrate-meta-layouts":"set","ast-page-background-enabled":"default","ast-page-background-meta":{"desktop":{"background-color":"","background-image":"","background-repeat":"repeat","background-position":"center center","background-size":"auto","background-attachment":"scroll","background-type":"","background-media":"","overlay-type":"","overlay-color":"","overlay-opacity":"","overlay-gradient":""},"tablet":{"background-color":"","background-image":"","background-repeat":"repeat","background-position":"center center","background-size":"auto","background-attachment":"scroll","background-type":"","background-media":"","overlay-type":"","overlay-color":"","overlay-opacity":"","overlay-gradient":""},"mobile":{"background-color":"","background-image":"","background-repeat":"repeat","background-position":"center center","background-size":"auto","background-attachment":"scroll","background-type":"","background-media":"","overlay-type":"","overlay-color":"","overlay-opacity":"","overlay-gradient":""}},"ast-content-background-meta":{"desktop":{"background-color":"var(--ast-global-color-5)","background-image":"","background-repeat":"repeat","background-position":"center center","background-size":"auto","background-attachment":"scroll","background-type":"","background-media":"","overlay-type":"","overlay-color":"","overlay-opacity":"","overlay-gradient":""},"tablet":{"background-color":"var(--ast-global-color-5)","background-image":"","background-repeat":"repeat","background-position":"center center","background-size":"auto","background-attachment":"scroll","background-type":"","background-media":"","overlay-type":"","overlay-color":"","overlay-opacity":"","overlay-gradient":""},"mobile":{"background-color":"var(--ast-global-color-5)","background-image":"","background-repeat":"repeat","background-position":"center center","background-size":"auto","background-attachment":"scroll","background-type":"","background-media":"","overlay-type":"","overlay-color":"","overlay-opacity":"","overlay-gradient":""}},"footnotes":""},"class_list":["post-316","page","type-page","status-publish","hentry"],"uagb_featured_image_src":{"full":false,"thumbnail":false,"medium":false,"medium_large":false,"large":false,"1536x1536":false,"2048x2048":false,"trp-custom-language-flag":false},"uagb_author_info":{"display_name":"therpaimport","author_link":"https:\/\/unicorn.fi\/terapi\/sv\/author\/therpaimport\/"},"uagb_comment_info":0,"uagb_excerpt":"&nbsp;Art therapy as a method Within art therapy, the means of artistic expression are used as tools for the therapeutic process. It is the client\u2019s process in working with a means of artistic expression, which constitutes the focus. The qualitative results of creating the therapeutic work of art are entirely insignificant. This means that it&hellip;","_links":{"self":[{"href":"https:\/\/unicorn.fi\/terapi\/sv\/wp-json\/wp\/v2\/pages\/316","targetHints":{"allow":["GET"]}}],"collection":[{"href":"https:\/\/unicorn.fi\/terapi\/sv\/wp-json\/wp\/v2\/pages"}],"about":[{"href":"https:\/\/unicorn.fi\/terapi\/sv\/wp-json\/wp\/v2\/types\/page"}],"author":[{"embeddable":true,"href":"https:\/\/unicorn.fi\/terapi\/sv\/wp-json\/wp\/v2\/users\/2"}],"replies":[{"embeddable":true,"href":"https:\/\/unicorn.fi\/terapi\/sv\/wp-json\/wp\/v2\/comments?post=316"}],"version-history":[{"count":6,"href":"https:\/\/unicorn.fi\/terapi\/sv\/wp-json\/wp\/v2\/pages\/316\/revisions"}],"predecessor-version":[{"id":1621,"href":"https:\/\/unicorn.fi\/terapi\/sv\/wp-json\/wp\/v2\/pages\/316\/revisions\/1621"}],"wp:attachment":[{"href":"https:\/\/unicorn.fi\/terapi\/sv\/wp-json\/wp\/v2\/media?parent=316"}],"curies":[{"name":"wp","href":"https:\/\/api.w.org\/{rel}","templated":true}]}}